{"id":61,"date":"2014-12-09T08:14:08","date_gmt":"2014-12-09T07:14:08","guid":{"rendered":"http:\/\/www.dlad.fi\/dev\/jakt\/?page_id=61"},"modified":"2025-08-30T11:48:59","modified_gmt":"2025-08-30T09:48:59","slug":"skytte","status":"publish","type":"page","link":"https:\/\/www.voranejdensjvf.fi\/?page_id=61","title":{"rendered":"SKYTTE"},"content":{"rendered":"<h3><span style=\"color: #ff6600;\"><a href=\"http:\/\/www.voranejdensjvf.fi\/wp-content\/uploads\/2025\/07\/Skytteprogram-2025.pdf\">Skytteprogram 2025<\/a><\/span><\/h3>\n<p><a href=\"http:\/\/www.voranejdensjvf.fi\/wp-content\/uploads\/2025\/08\/Algskyttekamp-Vora-Vasanejden-27.8.2025.pdf\">\u00c4lgskyttekamp V\u00f6r\u00e5-Vasanejden 27.8.2025<\/a><\/p>\n<p><a href=\"http:\/\/www.voranejdensjvf.fi\/wp-content\/uploads\/2025\/08\/Algcup-2025.pdf\">\u00c4lgcup 2025<\/a><\/p>\n<p><a href=\"http:\/\/www.voranejdensjvf.fi\/wp-content\/uploads\/2025\/08\/Lagresultat-Alg-DM-2025.xls\">Lagresultat \u00c4lg DM 2025<\/a><\/p>\n<p><a href=\"http:\/\/www.voranejdensjvf.fi\/wp-content\/uploads\/2025\/08\/NEJDMASTERSKAP-TRAP-VORA-290725.pdf\">NEJDM\u00c4STERSKAP TRAP V\u00d6R\u00c5 290725<\/a><\/p>\n<p><a href=\"http:\/\/www.voranejdensjvf.fi\/wp-content\/uploads\/2025\/08\/LAGTAVLING-I-TRAP-VORA-NYKARLEBY-290725.pdf\">LAGT\u00c4VLING I TRAP V\u00d6R\u00c5-NYKARLEBY 290725<\/a><\/p>\n<p><a href=\"http:\/\/www.voranejdensjvf.fi\/wp-content\/uploads\/2025\/08\/Algskyttekamp-Vora-Nykarlebynejden-220725.pdf\">\u00c4lgskyttekamp V\u00f6r\u00e5-Nykarlebynejden 220725<\/a><\/p>\n<p><span style=\"color: #000080;\"><a style=\"color: #000080;\" href=\"http:\/\/www.voranejdensjvf.fi\/wp-content\/uploads\/2024\/06\/Skytteprogram-2024.pdf\"><span style=\"color: #000000;\">Skytteprogram 2024<\/span><\/a><\/span><\/p>\n<p><span style=\"color: #000000;\"><a style=\"color: #000000;\" href=\"http:\/\/www.voranejdensjvf.fi\/wp-content\/uploads\/2024\/08\/Algskytte-DM-12.08.2024-lagresultat.pdf\">\u00c4lgskytte-DM 12.08.2024 lagresultat<\/a><\/span><\/p>\n<p><span style=\"color: #000000;\"><a style=\"color: #000000;\" href=\"http:\/\/www.voranejdensjvf.fi\/wp-content\/uploads\/2024\/08\/Algskytte-DM-12.08.2024-individuellt-resultat.pdf\">\u00c4lgskytte-DM 12.08.2024 individuellt resultat<\/a><\/span><\/p>\n<p><span style=\"color: #000000;\"><a style=\"color: #000000;\" href=\"http:\/\/www.voranejdensjvf.fi\/wp-content\/uploads\/2024\/08\/Nejdmasterskap-Trap-30.07.2024.pdf\">Nejdm\u00e4sterskap Trap 30.07.2024<\/a><\/span><\/p>\n<p><span style=\"color: #000000;\"><a style=\"color: #000000;\" href=\"http:\/\/www.voranejdensjvf.fi\/wp-content\/uploads\/2024\/08\/Lagtavling-Vora-Nykarleby-Trap-30.07.2024.pdf\">Lagt\u00e4vling V\u00f6r\u00e5-Nykarleby Trap 30.07.2024<\/a><\/span><\/p>\n<p><span style=\"color: #000000;\"><a style=\"color: #000000;\" href=\"http:\/\/www.voranejdensjvf.fi\/wp-content\/uploads\/2024\/06\/Resultatrakning_algskyttekamp_Vasa_Vora_2024.pdf\">Resultatr\u00e4kning_\u00e4lgskyttekamp_Vasa_V\u00f6r\u00e5_2024<\/a><\/span><\/p>\n<h4><span style=\"color: #000000;\"><a style=\"color: #000000;\" href=\"http:\/\/www.voranejdensjvf.fi\/wp-content\/uploads\/2023\/10\/Skytteprogram-2023.pdf\">Skytteprogram 2023<\/a><\/span><\/h4>\n<p><span style=\"color: #000000;\"><a style=\"color: #000000;\" href=\"http:\/\/www.voranejdensjvf.fi\/wp-content\/uploads\/2023\/08\/Nejdmasterskap-Trap-01.08.2023.pdf\">Nejdm\u00e4sterskap Trap 01.08.2023<\/a><\/span><\/p>\n<p><span style=\"color: #000000;\"><a style=\"color: #000000;\" href=\"http:\/\/www.voranejdensjvf.fi\/wp-content\/uploads\/2023\/08\/Lagtavling-Vora-Nykarleby-Trap-01.08.2023.pdf\">Lagt\u00e4vling V\u00f6r\u00e5-Nykarleby Trap 01.08.2023<\/a><\/span><\/p>\n<p><span style=\"color: #000000;\"><a style=\"color: #000000;\" href=\"http:\/\/www.voranejdensjvf.fi\/wp-content\/uploads\/2023\/08\/Resultat-Algskytte-DM-2023-01.08.2023.pdf\">Resultat \u00c4lgskytte-DM 2023 01.08.2023<\/a><\/span><\/p>\n<h4><span style=\"color: #000000;\"><a style=\"color: #000000;\" href=\"http:\/\/www.voranejdensjvf.fi\/wp-content\/uploads\/2022\/09\/Skytteprogram-2022.pdf\">Skytteprogram 2022<\/a><\/span><\/h4>\n<p><span style=\"color: #000000;\"><a style=\"color: #000000;\" href=\"http:\/\/www.voranejdensjvf.fi\/wp-content\/uploads\/2022\/08\/Resultatrakning_algskyttekamp_Vasa_Vora_2022.pdf\">Resultatr\u00e4kning_\u00e4lgskyttekamp_Vasa_V\u00f6r\u00e5_2022<\/a><\/span><\/p>\n<p><span style=\"color: #000000;\"><a style=\"color: #000000;\" href=\"http:\/\/www.voranejdensjvf.fi\/wp-content\/uploads\/2022\/08\/Resultat-Algskytte-Algcup-och-Kamp-mellan-Voranejden-Nykarlebynejden-2022.pdf\">Resultat \u00c4lgskytte \u00c4lgcup och Kamp mellan V\u00f6r\u00e5nejden-Nykarlebynejden 2022<\/a><\/span><\/p>\n<p><span style=\"color: #000000;\"><a style=\"color: #000000;\" href=\"http:\/\/www.voranejdensjvf.fi\/wp-content\/uploads\/2022\/08\/Kampen-i-Trap-mellan-Vora-Nykarlebynejden-och-Nejdmasterskapet-02.08.2021.pdf\">Kampen i Trap mellan V\u00f6r\u00e5-Nykarlebynejden och Nejdm\u00e4sterskapet 02.08.2022<\/a><\/span><\/p>\n<p><span style=\"color: #000000;\"><a style=\"color: #000000;\" href=\"http:\/\/www.voranejdensjvf.fi\/wp-content\/uploads\/2022\/08\/Resultat-fran-Alg-DM-27.7.2022.pdf\">\u00c4lg-DM 27.7.2022<\/a><\/span><\/p>\n<p><span style=\"color: #000000;\"><strong><a style=\"color: #000000;\" href=\"http:\/\/www.voranejdensjvf.fi\/wp-content\/uploads\/2021\/08\/Skytteprogram-2021.pdf\">Skytteprogram 2021<\/a><\/strong><\/span><\/p>\n<p><span style=\"color: #000000;\"><a style=\"color: #000000;\" href=\"http:\/\/www.voranejdensjvf.fi\/wp-content\/uploads\/2021\/10\/Trap-nejdmasterskap-och-kamp-mellan-Vora-Nykarlebynejden-03.08.2021.pdf\">Trap nejdm\u00e4sterskap och kamp mellan V\u00f6r\u00e5-Nykarlebynejden 03.08.2021<\/a><\/span><\/p>\n<p><span style=\"color: #000000;\"><a style=\"color: #000000;\" href=\"http:\/\/www.voranejdensjvf.fi\/wp-content\/uploads\/2021\/10\/Algcupen-2021.pdf\">\u00c4lgcupen 2021<\/a><\/span><\/p>\n<p><span style=\"color: #000000;\"><a style=\"color: #000000;\" href=\"http:\/\/www.voranejdensjvf.fi\/wp-content\/uploads\/2021\/10\/Algskyttetavling-Voranejden-Nykarlebynejden-2021.pdf\">\u00c4lgskyttet\u00e4vling V\u00f6r\u00e5nejden-Nykarlebynejden 2021<\/a><\/span><\/p>\n<p><span style=\"color: #000000;\"><a style=\"color: #000000;\" href=\"http:\/\/www.voranejdensjvf.fi\/wp-content\/uploads\/2021\/10\/Algskyttetavling-Voranejden-Vasanejden-2021.pdf\">\u00c4lgskyttet\u00e4vling V\u00f6r\u00e5nejden-Vasanejden 2021<\/a><\/span><\/p>\n<p><span style=\"color: #000000;\"><strong><a style=\"color: #000000;\" href=\"http:\/\/www.voranejdensjvf.fi\/wp-content\/uploads\/2014\/12\/Skytteprogram-2020.pdf\">Skytteprogram 2020<\/a><\/strong><\/span><\/p>\n<p><span style=\"color: #000000;\"><a style=\"color: #000000;\" href=\"http:\/\/www.voranejdensjvf.fi\/wp-content\/uploads\/2014\/12\/trap-040820.pdf\">Trapkamp V\u00f6r\u00e5-Nykarleby 04.08.2020<\/a><\/span><\/p>\n<p><span style=\"color: #000000;\"><a style=\"color: #000000;\" href=\"http:\/\/www.voranejdensjvf.fi\/wp-content\/uploads\/2014\/12\/Skytteprogram_20191.pdf\">Skytteprogram 2019<\/a><\/span><\/p>\n<p><span style=\"color: #000000;\"><a style=\"color: #000000;\" href=\"http:\/\/www.voranejdensjvf.fi\/wp-content\/uploads\/2014\/12\/Resultat-lista-\u00c4lg-skytte-DM-8.8-219-Kronoby.pdf\">\u00c4lg skytte DM 8.8 219 Kronoby<\/a><\/span><\/p>\n<p><span style=\"color: #000000;\"><a style=\"color: #000000;\" href=\"http:\/\/www.voranejdensjvf.fi\/wp-content\/uploads\/2014\/12\/trapkamp_v\u00f6r\u00e5nykarlebynejden_060819.pdf\">Kampen i Trap V\u00f6r\u00e5-Nykarlebynejden 06.08.2019<\/a><\/span><\/p>\n<p><span style=\"color: #000000;\"><a style=\"color: #000000;\" href=\"http:\/\/www.voranejdensjvf.fi\/wp-content\/uploads\/2014\/12\/V\u00f6r\u00e5_Vasa_2019.pdf\">V\u00f6r\u00e5-Vasa JVF \u00e4lgskytte 2019<\/a><\/span><\/p>\n<p><span style=\"color: #000000;\"><a style=\"color: #000000;\" href=\"http:\/\/www.voranejdensjvf.fi\/wp-content\/uploads\/2014\/12\/Oravais_skytteprogram_2019.pdf\">Oravais skytteprogram 2019<\/a><\/span><\/p>\n<p><span style=\"color: #000000;\"><a style=\"color: #000000;\" href=\"http:\/\/www.voranejdensjvf.fi\/wp-content\/uploads\/2014\/12\/Skytteprogram_20181.pdf\">Skytteprogram 2018<\/a><\/span><\/p>\n<p><span style=\"color: #000000;\"><a style=\"color: #000000;\" href=\"http:\/\/www.voranejdensjvf.fi\/wp-content\/uploads\/2014\/12\/Resultat-fr\u00e5n-nejdm\u00e4sterskapet-I-Trapp-07.doc\">Resultat fr\u00e5n nejdm\u00e4sterskapet I Trap 07.08.2018<\/a><\/span><\/p>\n<p><span style=\"color: #000000;\"><a style=\"color: #000000;\" href=\"http:\/\/www.voranejdensjvf.fi\/wp-content\/uploads\/2014\/12\/Resultat-fr\u00e5n-kampen-I-Trapp.doc\">Resultat fr\u00e5n kampen I Trap V\u00f6r\u00e5-Nykarlebynejden 07.08.2018<\/a><\/span><\/p>\n<p><span style=\"color: #000000;\"><a style=\"color: #000000;\" href=\"http:\/\/www.voranejdensjvf.fi\/wp-content\/uploads\/2014\/12\/Resultat-sammandrag-fr\u00e5n-Vasa-V\u00f6r\u00e5-JVF-\u00e4lgskytte-2018.pdf\">Vasa-V\u00f6r\u00e5 JVF \u00e4lgskytte 2018<\/a><\/span><\/p>\n<p><span style=\"color: #000000;\"><a style=\"color: #000000;\" href=\"http:\/\/www.voranejdensjvf.fi\/wp-content\/uploads\/2014\/12\/Resultat-fr\u00e5n-triangelkuppen-i-\u00c4lgskytte-75-m.pdf\">Triangelkuppen i \u00c4lgskytte 75 m 2018<\/a><\/span><\/p>\n<p><span style=\"color: #000000;\"><a style=\"color: #000000;\" href=\"http:\/\/www.voranejdensjvf.fi\/wp-content\/uploads\/2014\/12\/Skytteprogram_2017.pdf\">Skytteprogram 2017<\/a><\/span><\/p>\n<p style=\"text-align: left;\"><span style=\"color: #000000;\"><a style=\"color: #000000;\" href=\"http:\/\/www.voranejdensjvf.fi\/wp-content\/uploads\/2014\/12\/tranej17.pdf\">Trap Nejdm\u00e4sterskap 9.8.2017 Miemoisby<\/a><\/span><\/p>\n<p style=\"text-align: left;\"><span style=\"color: #000000;\"><a style=\"color: #000000;\" href=\"http:\/\/www.voranejdensjvf.fi\/wp-content\/uploads\/2014\/12\/Lappfj\u00e4rd-Lagt\u00e4vling-\u00c4LG-DM-2.8.2017.pdf\">Lagt\u00e4vling \u00c4LG-DM Lappfj\u00e4rd 2.8.2017<\/a><\/span><\/p>\n<p style=\"text-align: left;\"><span style=\"color: #000000;\"><a style=\"color: #000000;\" href=\"http:\/\/www.voranejdensjvf.fi\/wp-content\/uploads\/2014\/12\/INDIVIDUELLA-resultat-\u00c4LG-DM-Lappfj\u00e4rd-2.8.2017.pdf\">Individuellt \u00c4LG-DM Lappfj\u00e4rd 2.8.2017<\/a><\/span><\/p>\n<p style=\"text-align: left;\"><span style=\"color: #000000;\"><a style=\"color: #000000;\" href=\"http:\/\/www.voranejdensjvf.fi\/wp-content\/uploads\/2014\/12\/vasavora17.pdf\">\u00c4lgskyttekamp V\u00f6r\u00e5-Vasa 19.06.2017<\/a><\/span><\/p>\n<p style=\"text-align: left;\"><span style=\"color: #000000;\"><a style=\"color: #000000;\" href=\"http:\/\/www.voranejdensjvf.fi\/wp-content\/uploads\/2014\/12\/DM-\u00e4lskytte-2016-resultat-lagt\u00e4vling.pdf\">DM \u00e4lskytte 2016 resultat lagt\u00e4vling<\/a><\/span><\/p>\n<p style=\"text-align: left;\"><span style=\"color: #000000;\"><a style=\"color: #000000;\" href=\"http:\/\/www.voranejdensjvf.fi\/wp-content\/uploads\/2014\/12\/DM-\u00e4lskytte-2016-individuellt-skytte.pdf\">DM \u00e4lgskytte 2016 individuellt skytte<\/a><\/span><\/p>\n<p style=\"text-align: left;\"><span style=\"color: #000000;\"><a style=\"color: #000000;\" href=\"https:\/\/drive.google.com\/file\/d\/0B8ij6mo518XUNUk2aEdjWDFKY1ZfYmlxdXZkSlhKaVFvUFNZ\/view?usp=sharing\">\u00c4lgskyttekamp Vasa-V\u00f6r\u00e5 13.06.2016<\/a><\/span><\/p>\n<p style=\"text-align: left;\"><span style=\"color: #000000;\"><a style=\"color: #000000;\" href=\"https:\/\/drive.google.com\/file\/d\/0B0iLyPucxMSZdTgxYUl1akFac0k\/view?usp=sharing\">\u00c4lgskyttekamp mellan Vasa-V\u00f6r\u00e5<\/a><\/span><\/p>\n<p style=\"text-align: left;\"><span style=\"color: #000000;\"><a style=\"color: #000000;\" href=\"https:\/\/drive.google.com\/file\/d\/0B0iLyPucxMSZWlpVWWZqc2FHazQ\/view?usp=sharing\">Skytteprogram 2016<\/a><\/span><\/p>\n<p style=\"text-align: left;\"><span style=\"color: #000000;\"><a style=\"color: #000000;\" href=\"https:\/\/drive.google.com\/file\/d\/0B0iLyPucxMSZeWVPX2swYzg2a2s\/view?usp=sharing\">Skytteprogram 2015<\/a><\/span><\/p>\n<p style=\"text-align: left;\"><span style=\"color: #000000;\"><a style=\"color: #000000;\" href=\"https:\/\/drive.google.com\/file\/d\/0B0iLyPucxMSZSDAxT1Nyc2ZEM1U\/view?usp=sharing\">Skytteresultat 2015<\/a><\/span><\/p>\n<p style=\"text-align: left;\"><span style=\"color: #000000;\"><a style=\"color: #000000;\" href=\"https:\/\/drive.google.com\/file\/d\/0B0iLyPucxMSZUHZPUzlpMXFncGc\/view?usp=sharing\">\u00c4lgskyttekampen 2015<\/a><\/span><\/p>\n<p style=\"text-align: left;\"><span style=\"color: #000000;\"><a style=\"color: #000000;\" href=\"https:\/\/drive.google.com\/file\/d\/0B0iLyPucxMSZXzM3LXp2VFVKZ3M\/view?usp=sharing\">\u00c4lgskytte DM 2015<\/a><\/span><\/p>\n\n\n<p><\/p>\n","protected":false},"excerpt":{"rendered":"<p>Skytteprogram 2025 \u00c4lgskyttekamp V\u00f6r\u00e5-Vasanejden 27.8.2025 \u00c4lgcup 2025 Lagresultat \u00c4lg DM 2025 NEJDM\u00c4STERSKAP TRAP V\u00d6R\u00c5 290725 LAGT\u00c4VLING I TRAP V\u00d6R\u00c5-NYKARLEBY 290725 \u00c4lgskyttekamp V\u00f6r\u00e5-Nykarlebynejden 220725 Skytteprogram 2024 \u00c4lgskytte-DM 12.08.2024 lagresultat \u00c4lgskytte-DM 12.08.2024 individuellt resultat Nejdm\u00e4sterskap Trap 30.07.2024 Lagt\u00e4vling V\u00f6r\u00e5-Nykarleby Trap 30.07.2024 Resultatr\u00e4kning_\u00e4lgskyttekamp_Vasa_V\u00f6r\u00e5_2024 Skytteprogram 2023 Nejdm\u00e4sterskap Trap 01.08.2023 Lagt\u00e4vling V\u00f6r\u00e5-Nykarleby Trap 01.08.2023 Resultat \u00c4lgskytte-DM 2023 01.08.2023 Skytteprogram 2022 <a class=\"read-more\" href=\"https:\/\/www.voranejdensjvf.fi\/?page_id=61\">...l\u00e4s vidare <span class=\"meta-nav\">&rarr;<\/span><\/a><\/p>\n","protected":false},"author":1,"featured_media":0,"parent":0,"menu_order":0,"comment_status":"closed","ping_status":"closed","template":"","meta":[],"_links":{"self":[{"href":"https:\/\/www.voranejdensjvf.fi\/index.php?rest_route=\/wp\/v2\/pages\/61"}],"collection":[{"href":"https:\/\/www.voranejdensjvf.fi\/index.php?rest_route=\/wp\/v2\/pages"}],"about":[{"href":"https:\/\/www.voranejdensjvf.fi\/index.php?rest_route=\/wp\/v2\/types\/page"}],"author":[{"embeddable":true,"href":"https:\/\/www.voranejdensjvf.fi\/index.php?rest_route=\/wp\/v2\/users\/1"}],"replies":[{"embeddable":true,"href":"https:\/\/www.voranejdensjvf.fi\/index.php?rest_route=%2Fwp%2Fv2%2Fcomments&post=61"}],"version-history":[{"count":106,"href":"https:\/\/www.voranejdensjvf.fi\/index.php?rest_route=\/wp\/v2\/pages\/61\/revisions"}],"predecessor-version":[{"id":1477,"href":"https:\/\/www.voranejdensjvf.fi\/index.php?rest_route=\/wp\/v2\/pages\/61\/revisions\/1477"}],"wp:attachment":[{"href":"https:\/\/www.voranejdensjvf.fi\/index.php?rest_route=%2Fwp%2Fv2%2Fmedia&parent=61"}],"curies":[{"name":"wp","href":"https:\/\/api.w.org\/{rel}","templated":true}]}}