{"id":59,"date":"2014-12-09T08:12:01","date_gmt":"2014-12-09T07:12:01","guid":{"rendered":"http:\/\/www.dlad.fi\/dev\/jakt\/?page_id=59"},"modified":"2026-01-28T11:00:01","modified_gmt":"2026-01-28T10:00:01","slug":"jagarexamen","status":"publish","type":"page","link":"https:\/\/www.voranejdensjvf.fi\/?page_id=59","title":{"rendered":"J\u00c4GAREXAMEN"},"content":{"rendered":"\n<p><\/p>\n\n\n\n<p><\/p>\n\n\n\n<p>J\u00e4garexamenstillf\u00e4llen:<\/p>\n\n\n\n<p>28.01.2026 och 04.02.2026 kl. 18.00 vid V\u00f6r\u00e5 jvf jaktstuga.<\/p>\n\n\n\n<p>F\u00f6rhansanm\u00e4lning.<\/p>\n\n\n\n<p><a href=\"https:\/\/riista.fi\/sv\/jakt\/sok-evenemang\/\">S\u00f6k evenemang - Suomen riistakeskus<\/a><\/p>\n\n\n\n<p><\/p>\n\n\n\n<p><\/p>\n\n\n\n<p>L\u00e4nk till kursen\/anm\u00e4lan: <a href=\"https:\/\/uusi.opistopalvelut.fi\/vora\/sv\/course\/6505\">J\u00c4GARKURS inf\u00f6r examen - V\u00f6r\u00e5 medborgarinstitut<\/a><\/p>\n\n\n\n<p>J\u00c4GARKURS inf\u00f6r examen<\/p>\n\n\n\n<p><\/p>\n\n\n\n<p>Kursavgift 28\u20ac<\/p>\n\n\n\n<p>En intensivkurs f\u00f6r blivande j\u00e4gare, med f\u00f6ljande kursinneh\u00e5ll: Jaktlagstiftning, artk\u00e4nnedom, viltekologi, etisk jakt, vapen och patroner, s\u00e4kerhet under jakt, f\u00e5ngstredskap samt hantering av bytet.&nbsp;<\/p>\n\n\n\n<p>Till kursen b\u00f6r deltagarna ta med sig \"Handbok f\u00f6r j\u00e4gare\", senaste upplagan samt anteckningsmaterial. Boken kan \u00e4ven k\u00f6pas p\u00e5 plats av kursledaren, pris 30 \u20ac.&nbsp;<\/p>\n\n\n\n<p>Kursen f\u00f6rbereder f\u00f6r deltagande i examenstillf\u00e4lle f\u00f6r j\u00e4garexamen. Ett f\u00f6rsta examenstillf\u00e4lle h\u00e5lls direkt efter kursen p\u00e5 onsdag 14.1 kl. 20.00. Examensavgift p\u00e5 20 euro tillkommer. \u00c5ldersgr\u00e4ns 12 \u00e5r.<\/p>\n\n\n\n<p>Examen utf\u00f6rs digitalt med deltagarens egen utrustning (telefon, dator, surfplatta)<\/p>\n\n\n\n<p><strong>\u00c5ldersgr\u00e4ns<\/strong><\/p>\n\n\n\n<p>f\u00f6r \u00f6ver 12 \u00e5r<\/p>\n\n\n\n<hr class=\"wp-block-separator\"\/>\n\n\n\n<p><strong>V\u00e5rtermin12.\u201314.1.2026(G\u00e5nger: 3)<\/strong><\/p>\n\n\n\n<hr class=\"wp-block-separator\"\/>\n\n\n\n<p>L\u00e4rare Mattias Kanckos<\/p>\n\n\n\n<p>Plats Oravais skola<\/p>\n","protected":false},"excerpt":{"rendered":"<p>J\u00e4garexamenstillf\u00e4llen: 28.01.2026 och 04.02.2026 kl. 18.00 vid V\u00f6r\u00e5 jvf jaktstuga. F\u00f6rhansanm\u00e4lning. S\u00f6k evenemang - Suomen riistakeskus L\u00e4nk till kursen\/anm\u00e4lan: J\u00c4GARKURS inf\u00f6r examen - V\u00f6r\u00e5 medborgarinstitut J\u00c4GARKURS inf\u00f6r examen Kursavgift 28\u20ac En intensivkurs f\u00f6r blivande j\u00e4gare, med f\u00f6ljande kursinneh\u00e5ll: Jaktlagstiftning, artk\u00e4nnedom, viltekologi, etisk jakt, vapen och patroner, s\u00e4kerhet under jakt, f\u00e5ngstredskap samt hantering av bytet.&nbsp; Till <a class=\"read-more\" href=\"https:\/\/www.voranejdensjvf.fi\/?page_id=59\">...l\u00e4s vidare <span class=\"meta-nav\">&rarr;<\/span><\/a><\/p>\n","protected":false},"author":1,"featured_media":0,"parent":0,"menu_order":0,"comment_status":"closed","ping_status":"closed","template":"","meta":[],"_links":{"self":[{"href":"https:\/\/www.voranejdensjvf.fi\/index.php?rest_route=\/wp\/v2\/pages\/59"}],"collection":[{"href":"https:\/\/www.voranejdensjvf.fi\/index.php?rest_route=\/wp\/v2\/pages"}],"about":[{"href":"https:\/\/www.voranejdensjvf.fi\/index.php?rest_route=\/wp\/v2\/types\/page"}],"author":[{"embeddable":true,"href":"https:\/\/www.voranejdensjvf.fi\/index.php?rest_route=\/wp\/v2\/users\/1"}],"replies":[{"embeddable":true,"href":"https:\/\/www.voranejdensjvf.fi\/index.php?rest_route=%2Fwp%2Fv2%2Fcomments&post=59"}],"version-history":[{"count":43,"href":"https:\/\/www.voranejdensjvf.fi\/index.php?rest_route=\/wp\/v2\/pages\/59\/revisions"}],"predecessor-version":[{"id":1526,"href":"https:\/\/www.voranejdensjvf.fi\/index.php?rest_route=\/wp\/v2\/pages\/59\/revisions\/1526"}],"wp:attachment":[{"href":"https:\/\/www.voranejdensjvf.fi\/index.php?rest_route=%2Fwp%2Fv2%2Fmedia&parent=59"}],"curies":[{"name":"wp","href":"https:\/\/api.w.org\/{rel}","templated":true}]}}