{"id":57,"date":"2014-12-09T08:11:02","date_gmt":"2014-12-09T07:11:02","guid":{"rendered":"http:\/\/www.dlad.fi\/dev\/jakt\/?page_id=57"},"modified":"2023-02-21T13:45:17","modified_gmt":"2023-02-21T12:45:17","slug":"rovdjursobservationer","status":"publish","type":"page","link":"https:\/\/www.voranejdensjvf.fi\/?page_id=57","title":{"rendered":"ROVDJURSOBSERVATIONER"},"content":{"rendered":"<p>Svenska \u00d6sterbottens jaktv\u00e5rdsdistrikt samlar in rovdjursobservationer av sina jaktv\u00e5rdsf\u00f6reningar.<\/p>\n<p>Dessa anv\u00e4nds f\u00f6r att kartl\u00e4gga antalet rovdjur i distriktet.<\/p>\n<p>Utg\u00e5ende fr\u00e5n dessa observationer beviljas distriktet sedan lodjurslicenser av ministeriet. Kort sagt: rovdjurslicenserna beh\u00f6vs f\u00f6r att distriktet\/V\u00f6r\u00e5nejden skall kunna f\u00e5 licenser, dvs. <strong>inga rovdjursrapporter = ingen lodjursjakt<\/strong>.<\/p>\n<p>Ni kan ringa till <strong>nejdens stora rovdjurskontaktpersoner<\/strong>\u00a0som kan komma ut och titta p\u00e5 sp\u00e5ren vid behov:<\/p>\n<ul>\n<li><strong>Ove Bergman 050-557 5093<\/strong><\/li>\n<li><strong>Mikael H\u00e4gglund \u00a00500-866 806<\/strong><\/li>\n<li><strong>Kim Stagn\u00e4s 0500-138 414\u00a0<\/strong><\/li>\n<li><strong>Mikael Holm 050-568 9549\u00a0<\/strong><\/li>\n<\/ul>\n","protected":false},"excerpt":{"rendered":"<p>Svenska \u00d6sterbottens jaktv\u00e5rdsdistrikt samlar in rovdjursobservationer av sina jaktv\u00e5rdsf\u00f6reningar. Dessa anv\u00e4nds f\u00f6r att kartl\u00e4gga antalet rovdjur i distriktet. Utg\u00e5ende fr\u00e5n dessa observationer beviljas distriktet sedan lodjurslicenser av ministeriet. Kort sagt: rovdjurslicenserna beh\u00f6vs f\u00f6r att distriktet\/V\u00f6r\u00e5nejden skall kunna f\u00e5 licenser, dvs. inga rovdjursrapporter = ingen lodjursjakt. Ni kan ringa till nejdens stora rovdjurskontaktpersoner\u00a0som kan komma ut <a class=\"read-more\" href=\"https:\/\/www.voranejdensjvf.fi\/?page_id=57\">...l\u00e4s vidare <span class=\"meta-nav\">&rarr;<\/span><\/a><\/p>\n","protected":false},"author":1,"featured_media":0,"parent":0,"menu_order":0,"comment_status":"closed","ping_status":"closed","template":"","meta":[],"_links":{"self":[{"href":"https:\/\/www.voranejdensjvf.fi\/index.php?rest_route=\/wp\/v2\/pages\/57"}],"collection":[{"href":"https:\/\/www.voranejdensjvf.fi\/index.php?rest_route=\/wp\/v2\/pages"}],"about":[{"href":"https:\/\/www.voranejdensjvf.fi\/index.php?rest_route=\/wp\/v2\/types\/page"}],"author":[{"embeddable":true,"href":"https:\/\/www.voranejdensjvf.fi\/index.php?rest_route=\/wp\/v2\/users\/1"}],"replies":[{"embeddable":true,"href":"https:\/\/www.voranejdensjvf.fi\/index.php?rest_route=%2Fwp%2Fv2%2Fcomments&post=57"}],"version-history":[{"count":9,"href":"https:\/\/www.voranejdensjvf.fi\/index.php?rest_route=\/wp\/v2\/pages\/57\/revisions"}],"predecessor-version":[{"id":1248,"href":"https:\/\/www.voranejdensjvf.fi\/index.php?rest_route=\/wp\/v2\/pages\/57\/revisions\/1248"}],"wp:attachment":[{"href":"https:\/\/www.voranejdensjvf.fi\/index.php?rest_route=%2Fwp%2Fv2%2Fmedia&parent=57"}],"curies":[{"name":"wp","href":"https:\/\/api.w.org\/{rel}","templated":true}]}}