{"id":53,"date":"2014-12-09T08:08:04","date_gmt":"2014-12-09T07:08:04","guid":{"rendered":"http:\/\/www.dlad.fi\/dev\/jakt\/?page_id=53"},"modified":"2026-01-16T21:40:18","modified_gmt":"2026-01-16T20:40:18","slug":"hjortdjursjakt","status":"publish","type":"page","link":"https:\/\/www.voranejdensjvf.fi\/?page_id=53","title":{"rendered":"HJORTDJURSJAKT"},"content":{"rendered":"<h3><a href=\"http:\/\/www.voranejdensjvf.fi\/wp-content\/uploads\/2026\/01\/Algavskjutning-2025.pdf\">\u00c4lgavskjutning 2025<\/a><\/h3>\n<h3><a href=\"http:\/\/www.voranejdensjvf.fi\/wp-content\/uploads\/2026\/01\/Hjortavskjutning-2025.pdf\">Hjortavskjutning 2025<\/a><\/h3>\n<p><a href=\"http:\/\/www.voranejdensjvf.fi\/wp-content\/uploads\/2025\/01\/Algavskjutning-2024.pdf\">\u00c4lgavskjutning 2024<\/a><\/p>\n<p><a href=\"http:\/\/www.voranejdensjvf.fi\/wp-content\/uploads\/2025\/01\/Hjortavskjutning-2024.pdf\">Hjortavskjutning 2024<\/a><\/p>\n<p><a href=\"http:\/\/www.voranejdensjvf.fi\/wp-content\/uploads\/2024\/01\/Algavskjutning-2023.pdf\">\u00c4lgavskjutning 2023<\/a><\/p>\n<p><a href=\"http:\/\/www.voranejdensjvf.fi\/wp-content\/uploads\/2024\/01\/Hjortavskjutning-2023-1.pdf\">Hjortavskjutning 2023<\/a><\/p>\n<p><a href=\"http:\/\/www.voranejdensjvf.fi\/wp-content\/uploads\/2023\/01\/Alg-avskjutning-2022.pdf\">\u00c4lg avskjutning 2022<\/a><\/p>\n<p><a href=\"http:\/\/www.voranejdensjvf.fi\/wp-content\/uploads\/2022\/12\/Hjort-avskjutning-2022.pdf\">Hjort avskjutning 2022<\/a><\/p>\n<p><a href=\"http:\/\/www.voranejdensjvf.fi\/wp-content\/uploads\/2022\/01\/Algavskjutning-2021.pdf\">\u00c4lgavskjutning 2021<\/a><\/p>\n<p style=\"text-align: left;\" align=\"center\"><a href=\"http:\/\/www.voranejdensjvf.fi\/wp-content\/uploads\/2022\/01\/Vitsvansavskjutning-2021.pdf\">Vitsvansavskjutning 2021<\/a><\/p>\n<p style=\"text-align: left;\" align=\"center\"><a href=\"http:\/\/www.voranejdensjvf.fi\/wp-content\/uploads\/2014\/12\/\u00c4lgavskjutning-2020.pdf\">\u00c4lgavskjutning 2020<\/a><\/p>\n<p style=\"text-align: left;\" align=\"center\"><a href=\"http:\/\/www.voranejdensjvf.fi\/wp-content\/uploads\/2014\/12\/Vitsvansavskjutning-2020.pdf\">Vitsvansavskjutning 2020<\/a><\/p>\n<p style=\"text-align: left;\" align=\"center\"><a href=\"http:\/\/www.voranejdensjvf.fi\/wp-content\/uploads\/2014\/12\/\u00c4lg-avskjutning-2019.pdf\">\u00c4lgavskjutning 2019<\/a><\/p>\n<p><a href=\"http:\/\/www.voranejdensjvf.fi\/wp-content\/uploads\/2014\/12\/Hjortavskjutning2019.pdf\">Hjortavskjutning 2019<\/a><\/p>\n<p><a href=\"http:\/\/www.voranejdensjvf.fi\/wp-content\/uploads\/2014\/12\/\u00c4lgavskjutning-2018.pdf\">\u00c4lg avskjutning 2018<\/a><\/p>\n<p style=\"text-align: left;\" align=\"center\"><a href=\"http:\/\/www.voranejdensjvf.fi\/wp-content\/uploads\/2014\/12\/Hjort-avskjutning-2018.pdf\">Hjort avskjutning 2018<\/a><\/p>\n<p style=\"text-align: left;\" align=\"center\"><a href=\"http:\/\/www.voranejdensjvf.fi\/wp-content\/uploads\/2014\/12\/Beslut-2018-_\u00e4lg.pdf\">\u00c4lglicensbeslut 2018<\/a><\/p>\n<p style=\"text-align: left;\" align=\"center\"><a href=\"http:\/\/www.voranejdensjvf.fi\/wp-content\/uploads\/2014\/12\/Beslut-2018-vitsvans.pdf\">Vitsvanslicensbeslut 2018<\/a><\/p>\n<p style=\"text-align: left;\" align=\"center\"><a href=\"http:\/\/www.voranejdensjvf.fi\/wp-content\/uploads\/2014\/12\/\u00c4lgavskutning_2017.pdf\">\u00c4lgavskutning 2017<\/a><\/p>\n<p style=\"text-align: left;\" align=\"center\"><a href=\"http:\/\/www.voranejdensjvf.fi\/wp-content\/uploads\/2014\/12\/Vitsvanshjortavskjutning_2017.pdf\">Vitsvansavskjutning 2017<\/a><\/p>\n<p style=\"text-align: left;\" align=\"center\"><a href=\"http:\/\/www.voranejdensjvf.fi\/wp-content\/uploads\/2014\/12\/Paatos2017-1-500-02999-5.pdf\">\u00c4lglicensbeslut 2017<\/a><\/p>\n<p style=\"text-align: left;\" align=\"center\"><a href=\"http:\/\/www.voranejdensjvf.fi\/wp-content\/uploads\/2014\/12\/Paatos2017-1-500-03081-6.pdf\">Vitsvanslicensbeslut 2017<\/a><\/p>\n<p style=\"text-align: left;\" align=\"center\"><a href=\"http:\/\/www.voranejdensjvf.fi\/wp-content\/uploads\/2014\/12\/\u00c4lgavskutning_2016_31121216.pdf.pdf\">\u00c4lgavskutning 2016<\/a><\/p>\n<p style=\"text-align: left;\" align=\"center\"><a href=\"http:\/\/www.voranejdensjvf.fi\/wp-content\/uploads\/2014\/12\/Vitsvansavskjutning_2016_2017_310117.pdf\">Vitsvansavskjutning 2016-2017<\/a><\/p>\n<p style=\"text-align: left;\" align=\"center\"><a href=\"http:\/\/www.voranejdensjvf.fi\/wp-content\/uploads\/2014\/12\/\u00c4lglicens_beslut_2016.pdf\">\u00c4lglicens beslut 2016<\/a><\/p>\n<p style=\"text-align: left;\" align=\"center\"><a href=\"https:\/\/drive.google.com\/file\/d\/0B0iLyPucxMSZNlJrcl9LRUNQRkE\/view?usp=sharing\">\u00c4lgavskjutning i V\u00f6r\u00e5nejden 2015<\/a><\/p>\n<p style=\"text-align: left;\" align=\"center\"><a href=\"https:\/\/drive.google.com\/file\/d\/0B0iLyPucxMSZSmVXaGQwb1NQeXc\/view?usp=sharing\">Vitsvanshjotavskjutning 2015-2016<\/a><\/p>\n<p style=\"text-align: left;\" align=\"center\"><span style=\"font-family: Verdana;\"><a href=\"https:\/\/docs.google.com\/spreadsheets\/d\/1Q-Bkfk1ANZxfMGKJSN5AU4nEJEZSwo1EL0jEqXV8TWc\/edit?usp=sharing\">\u00c4lgavskjutning i V\u00f6r\u00e5nejden<\/a>\u00a02014<\/span><\/p>\n<p style=\"text-align: left;\" align=\"center\"><a href=\"https:\/\/docs.google.com\/spreadsheets\/d\/1Hx5Z6o3gtPMrsBx5kmNe0qeXI7LrWgoFvZDB5697n0M\/edit?usp=sharing\">Vitsvanshjortavskjutning\u00a0<\/a>\u00a02014-2015<\/p>\n<p style=\"text-align: left;\" align=\"center\"><a href=\"https:\/\/drive.google.com\/file\/d\/0B0iLyPucxMSZVThBektfcms2WDA\/view?usp=sharing\">\u00a0\u00c4lglicens beslut 2015<\/a><\/p>\n<p>\u00a0<a href=\"https:\/\/drive.google.com\/file\/d\/0B0iLyPucxMSZSFFHdmdYWXdSakE\/view?usp=sharing\">Vitsvanslicens beslut 2015<\/a><\/p>\n<p style=\"text-align: left;\" align=\"center\"><span style=\"font-family: Verdana;\">\u00a0<\/span><\/p>\n\n\n<p><\/p>\n","protected":false},"excerpt":{"rendered":"<p>\u00c4lgavskjutning 2025 Hjortavskjutning 2025 \u00c4lgavskjutning 2024 Hjortavskjutning 2024 \u00c4lgavskjutning 2023 Hjortavskjutning 2023 \u00c4lg avskjutning 2022 Hjort avskjutning 2022 \u00c4lgavskjutning 2021 Vitsvansavskjutning 2021 \u00c4lgavskjutning 2020 Vitsvansavskjutning 2020 \u00c4lgavskjutning 2019 Hjortavskjutning 2019 \u00c4lg avskjutning 2018 Hjort avskjutning 2018 \u00c4lglicensbeslut 2018 Vitsvanslicensbeslut 2018 \u00c4lgavskutning 2017 Vitsvansavskjutning 2017 \u00c4lglicensbeslut 2017 Vitsvanslicensbeslut 2017 \u00c4lgavskutning 2016 Vitsvansavskjutning 2016-2017 \u00c4lglicens beslut 2016 <a class=\"read-more\" href=\"https:\/\/www.voranejdensjvf.fi\/?page_id=53\">...l\u00e4s vidare <span class=\"meta-nav\">&rarr;<\/span><\/a><\/p>\n","protected":false},"author":1,"featured_media":0,"parent":0,"menu_order":0,"comment_status":"closed","ping_status":"closed","template":"","meta":[],"_links":{"self":[{"href":"https:\/\/www.voranejdensjvf.fi\/index.php?rest_route=\/wp\/v2\/pages\/53"}],"collection":[{"href":"https:\/\/www.voranejdensjvf.fi\/index.php?rest_route=\/wp\/v2\/pages"}],"about":[{"href":"https:\/\/www.voranejdensjvf.fi\/index.php?rest_route=\/wp\/v2\/types\/page"}],"author":[{"embeddable":true,"href":"https:\/\/www.voranejdensjvf.fi\/index.php?rest_route=\/wp\/v2\/users\/1"}],"replies":[{"embeddable":true,"href":"https:\/\/www.voranejdensjvf.fi\/index.php?rest_route=%2Fwp%2Fv2%2Fcomments&post=53"}],"version-history":[{"count":207,"href":"https:\/\/www.voranejdensjvf.fi\/index.php?rest_route=\/wp\/v2\/pages\/53\/revisions"}],"predecessor-version":[{"id":1518,"href":"https:\/\/www.voranejdensjvf.fi\/index.php?rest_route=\/wp\/v2\/pages\/53\/revisions\/1518"}],"wp:attachment":[{"href":"https:\/\/www.voranejdensjvf.fi\/index.php?rest_route=%2Fwp%2Fv2%2Fmedia&parent=53"}],"curies":[{"name":"wp","href":"https:\/\/api.w.org\/{rel}","templated":true}]}}