{"id":49,"date":"2014-12-09T08:06:42","date_gmt":"2014-12-09T07:06:42","guid":{"rendered":"http:\/\/www.dlad.fi\/dev\/jakt\/?page_id=49"},"modified":"2025-03-20T19:15:58","modified_gmt":"2025-03-20T18:15:58","slug":"lankar","status":"publish","type":"page","link":"https:\/\/www.voranejdensjvf.fi\/?page_id=49","title":{"rendered":"L\u00c4NKAR"},"content":{"rendered":"<p style=\"text-align: left;\" align=\"center\"><span style=\"font-family: Verdana;\"><a href=\"http:\/\/www.jaktlerduvan.fi\/\">Jaktlerduvan<\/a><\/span><\/p>\n<p style=\"text-align: left;\" align=\"center\"><span style=\"color: #0066cc;\"><a title=\"Finlands viltcentral\" href=\"https:\/\/riista.fi\/sv\/\">Finlands viltcentral<\/a>\u00a0 \u00a0 \u00a0 \u00a0 \u00a0 \u00a0 \u00a0 \u00a0 \u00a0 \u00a0 \u00a0 \u00a0 \u00a0 \u00a0 \u00a0 \u00a0 \u00a0 \u00a0 \u00a0 \u00a0 \u00a0 \u00a0 \u00a0 \u00a0 \u00a0 \u00a0 \u00a0 \u00a0 \u00a0 \u00a0 \u00a0 \u00a0 \u00a0 \u00a0 \u00a0 \u00a0 \u00a0 \u00a0 \u00a0 \u00a0 \u00a0 \u00a0 \u00a0 \u00a0 \u00a0 \u00a0 \u00a0 \u00a0 \u00a0 \u00a0\u00a0<\/span><\/p>\n<ul>\n<li style=\"text-align: left;\"><a href=\"https:\/\/riista.fi\/sv\/jakt\/blanketter\/jaktforeningens-verksamhetsblanketter\/\">Jaktf\u00f6reningens verksamhetsblanketter<\/a><\/li>\n<\/ul>\n<p style=\"text-align: left;\" align=\"center\"><a href=\"https:\/\/metsastajaliitto.fi\/\">Finlands j\u00e4garf\u00f6rbund<\/a><\/p>\n<ul>\n<li><span style=\"color: #333399;\"><a style=\"color: #333399;\" href=\"http:\/\/malaxnejdensjvf.malax.fi\/\">Malaxnejdens jaktv\u00e5rdsf\u00f6rening\u00a0 <\/a><\/span><\/li>\n<li><span style=\"color: #333399;\">V<\/span><span style=\"color: #000000;\"><span style=\"color: #3366ff;\"><span style=\"color: #333399;\"><a style=\"color: #333399;\" href=\"http:\/\/www.vasanejdensjvf.fi\/\">asanejdens jaktv\u00e5rsf\u00f6rening<\/a>\u00a0 \u00a0<\/span><\/span><\/span><\/li>\n<li><span style=\"color: #000000;\"><span style=\"color: #3366ff;\"><span style=\"color: #333399;\"><a style=\"color: #333399;\" href=\"http:\/\/www.nykarlebynejdens-jvf.fi\/\">Nykarlebynejdens jaktv\u00e5rdsf\u00f6rening\u00a0<\/a><\/span><\/span><\/span><\/li>\n<li><span style=\"color: #000000;\"><span style=\"color: #3366ff;\"><span style=\"color: #333399;\"><a style=\"color: #333399;\" href=\"http:\/\/www.njvf.fi\/\">N\u00e4rpesnejdens jaktv\u00e5rdsf\u00f6rening<\/a>\u00a0<\/span><\/span><\/span><\/li>\n<li><span style=\"color: #000000;\"><span style=\"color: #3366ff;\"><span style=\"color: #333399;\"><a style=\"color: #333399;\" href=\"http:\/\/www.ljf.fi\/\">Lappfj\u00e4rdsnejdens jaktv\u00e5rdsf\u00f6rening\u00a0 <\/a>\u00a0<\/span><\/span><\/span><\/li>\n<li><span style=\"color: #000000;\"><span style=\"color: #3366ff;\"><span style=\"color: #333399;\"><a style=\"color: #333399;\" href=\"http:\/\/www.pedersore-jvf.fi\/\">Peders\u00f6renejdens jaktv\u00e5rdsf\u00f6rening\u00a0<\/a> \u00a0<\/span><\/span><\/span><\/li>\n<\/ul>\n<p align=\"center\">\n<p style=\"text-align: left;\" align=\"center\"><a href=\"https:\/\/www.riistainfo.fi\/sv\/hemsida\/\">https:\/\/www.riistainfo.fi\/sv\/hemsida\/<\/a><\/p>\n","protected":false},"excerpt":{"rendered":"<p>Jaktlerduvan Finlands viltcentral\u00a0 \u00a0 \u00a0 \u00a0 \u00a0 \u00a0 \u00a0 \u00a0 \u00a0 \u00a0 \u00a0 \u00a0 \u00a0 \u00a0 \u00a0 \u00a0 \u00a0 \u00a0 \u00a0 \u00a0 \u00a0 \u00a0 \u00a0 \u00a0 \u00a0 \u00a0 \u00a0 \u00a0 \u00a0 \u00a0 \u00a0 \u00a0 \u00a0 \u00a0 \u00a0 \u00a0 \u00a0 \u00a0 \u00a0 \u00a0 \u00a0 \u00a0 \u00a0 \u00a0 \u00a0 \u00a0 \u00a0 \u00a0 \u00a0 \u00a0\u00a0 Jaktf\u00f6reningens verksamhetsblanketter Finlands <a class=\"read-more\" href=\"https:\/\/www.voranejdensjvf.fi\/?page_id=49\">...l\u00e4s vidare <span class=\"meta-nav\">&rarr;<\/span><\/a><\/p>\n","protected":false},"author":1,"featured_media":0,"parent":0,"menu_order":0,"comment_status":"closed","ping_status":"closed","template":"","meta":[],"_links":{"self":[{"href":"https:\/\/www.voranejdensjvf.fi\/index.php?rest_route=\/wp\/v2\/pages\/49"}],"collection":[{"href":"https:\/\/www.voranejdensjvf.fi\/index.php?rest_route=\/wp\/v2\/pages"}],"about":[{"href":"https:\/\/www.voranejdensjvf.fi\/index.php?rest_route=\/wp\/v2\/types\/page"}],"author":[{"embeddable":true,"href":"https:\/\/www.voranejdensjvf.fi\/index.php?rest_route=\/wp\/v2\/users\/1"}],"replies":[{"embeddable":true,"href":"https:\/\/www.voranejdensjvf.fi\/index.php?rest_route=%2Fwp%2Fv2%2Fcomments&post=49"}],"version-history":[{"count":18,"href":"https:\/\/www.voranejdensjvf.fi\/index.php?rest_route=\/wp\/v2\/pages\/49\/revisions"}],"predecessor-version":[{"id":1437,"href":"https:\/\/www.voranejdensjvf.fi\/index.php?rest_route=\/wp\/v2\/pages\/49\/revisions\/1437"}],"wp:attachment":[{"href":"https:\/\/www.voranejdensjvf.fi\/index.php?rest_route=%2Fwp%2Fv2%2Fmedia&parent=49"}],"curies":[{"name":"wp","href":"https:\/\/api.w.org\/{rel}","templated":true}]}}