{"id":43,"date":"2014-12-09T08:00:07","date_gmt":"2014-12-09T07:00:07","guid":{"rendered":"http:\/\/www.dlad.fi\/dev\/jakt\/?page_id=43"},"modified":"2026-02-02T11:46:21","modified_gmt":"2026-02-02T10:46:21","slug":"aktuellt","status":"publish","type":"page","link":"https:\/\/www.voranejdensjvf.fi\/?page_id=43","title":{"rendered":"AKTUELLT"},"content":{"rendered":"<h3><\/h3>\n<h3 style=\"text-align: center;\"><span style=\"color: #008000;\">V\u00f6r\u00e5nejdens \u00e5rsm\u00f6te tisdag 10.02.2026 kl.19.00 vid Norrvalla, Auditoriet. Kontroll av fullmakter fr\u00e5n kl.18.30<\/span><\/h3>\n<h3><\/h3>\n<h3 style=\"text-align: left;\"><span style=\"color: #000000;\">\u00c4lgr\u00e4kning 19-21.2.2025, totalt 188 \u00e4lgar<\/span><\/h3>\n<h3 style=\"text-align: left;\"><span style=\"color: #000000;\"><a style=\"color: #000000;\" href=\"http:\/\/www.voranejdensjvf.fi\/wp-content\/uploads\/2025\/02\/1631_001.pdf\">\u00c4lgr\u00e4kning 2025<\/a><\/span><\/h3>\n<p style=\"text-align: left;\"><span style=\"color: #000000;\">V\u00f6r\u00e5nejdens \u00e5rsm\u00f6te tisdag 18.02.2025 kl.19.00 vid Norrvalla, Holmsg\u00e5rden. Kontroll av fullmakter fr\u00e5n kl.18.30<\/span><\/p>\n<p style=\"text-align: left;\"><span style=\"color: #000000;\">\u00c4lgr\u00e4kning 2024, r\u00e4knades 8-10.1.2024, totalt 265 \u00e4lgar.<\/span><\/p>\n<p style=\"text-align: left;\"><span style=\"color: #000000;\"><a style=\"color: #000000;\" href=\"http:\/\/www.voranejdensjvf.fi\/wp-content\/uploads\/2024\/01\/Flygrakning-2024.pdf\">\u00c4lgr\u00e4kning 2024<\/a><\/span><\/p>\n<p style=\"text-align: left;\"><span style=\"color: #000000;\">V\u00f6r\u00e5nejden tog en andra plats i \u00c4lg-DM i Jakobstad 01.08.2023.<\/span><\/p>\n<p style=\"text-align: left;\"><span style=\"color: #000000;\">Nykarlebynejden vann \u00f6ver V\u00f6r\u00e5 i \u00e5rets trapt\u00e4vling 01.08.2023.<\/span><\/p>\n<p style=\"text-align: left;\"><span style=\"color: #000000;\">Resultat p\u00e5 Skytte sidan.<\/span><\/p>\n<p style=\"text-align: left;\"><span style=\"color: #000000;\"><a style=\"color: #000000;\" href=\"http:\/\/www.voranejdensjvf.fi\/wp-content\/uploads\/2023\/08\/Lagtavling-foto.jpg\"><img loading=\"lazy\" class=\"alignleft  wp-image-1283\" src=\"http:\/\/www.voranejdensjvf.fi\/wp-content\/uploads\/2023\/08\/Lagtavling-foto-300x218.jpg\" alt=\"\" width=\"345\" height=\"251\" srcset=\"https:\/\/www.voranejdensjvf.fi\/wp-content\/uploads\/2023\/08\/Lagtavling-foto-300x218.jpg 300w, https:\/\/www.voranejdensjvf.fi\/wp-content\/uploads\/2023\/08\/Lagtavling-foto-1024x744.jpg 1024w, https:\/\/www.voranejdensjvf.fi\/wp-content\/uploads\/2023\/08\/Lagtavling-foto-768x558.jpg 768w, https:\/\/www.voranejdensjvf.fi\/wp-content\/uploads\/2023\/08\/Lagtavling-foto-1536x1116.jpg 1536w, https:\/\/www.voranejdensjvf.fi\/wp-content\/uploads\/2023\/08\/Lagtavling-foto-2048x1488.jpg 2048w, https:\/\/www.voranejdensjvf.fi\/wp-content\/uploads\/2023\/08\/Lagtavling-foto-960x697.jpg 960w\" sizes=\"(max-width: 345px) 100vw, 345px\" \/><\/a><\/span><\/p>\n<h3 style=\"text-align: left;\"><\/h3>\n<h3><\/h3>\n<h3><\/h3>\n<h3><\/h3>\n<h3><\/h3>\n<h3><\/h3>\n<h3><\/h3>\n<h3><a href=\"http:\/\/www.voranejdensjvf.fi\/wp-content\/uploads\/2023\/03\/Algrakning-2023.pdf\">\u00c4lgr\u00e4kning 2023<\/a> 225 \u00e4lgar hittades, 23-24.02.2023<\/h3>\n<h4><span style=\"color: #000000;\">V\u00f6r\u00e5nejdens \u00e5rsm\u00f6te tisdag 21.02.2023 kl.19.00 vid Norrvalla, auditoriet. Kontroll av fullmakter fr\u00e5n kl.18.30<\/span><\/h4>\n<h4>J\u00e4garexamenstillf\u00e4llen h\u00e5lls 24.05.2022 och 31.05.2022 kl.18.00 vid Tegengrens skola.<\/h4>\n<h4>Kostnad 20 \u20ac\/examensskrivning<\/h4>\n<h4><span style=\"color: #000000;\">V\u00f6r\u00e5nejdens \u00e5rsm\u00f6te h\u00e5lls m\u00e5ndag 21.02.2022 kl.19.00 vid S\u00e4rkimo Skola (Skolv\u00e4gen 27). Kontroll av fullmakter from kl.18.30<\/span><\/h4>\n<h3><a href=\"http:\/\/www.voranejdensjvf.fi\/wp-content\/uploads\/2022\/02\/Voranejdens-algrakning-2022.pdf\">V\u00f6ranejdens \u00e4lgr\u00e4kning 2022<\/a><\/h3>\n<p><strong>V\u00f6r\u00e5nejdens \u00e5rsm\u00f6te h\u00e5lls tisdag 24.8.2021 kl.19.00 <\/strong><strong>vid V\u00f6r\u00e5 Uf (Bergbyv\u00e4gen 15, 66600 V\u00f6r\u00e5).\u00a0 Kontroll av fullmakter from kl 18.30.<\/strong><\/p>\n<p><strong>Oavgjort i \u00e5rets trapt\u00e4vling mot Nykarlebynejden 03.08.2021, resultatet p\u00e5 Skyttesidan<\/strong><\/p>\n<p><a href=\"http:\/\/www.voranejdensjvf.fi\/wp-content\/uploads\/2021\/10\/trap-lag-scaled.jpg\"><img loading=\"lazy\" class=\"alignleft  wp-image-1039\" src=\"http:\/\/www.voranejdensjvf.fi\/wp-content\/uploads\/2021\/10\/trap-lag-300x228.jpg\" alt=\"\" width=\"440\" height=\"335\" srcset=\"https:\/\/www.voranejdensjvf.fi\/wp-content\/uploads\/2021\/10\/trap-lag-300x228.jpg 300w, https:\/\/www.voranejdensjvf.fi\/wp-content\/uploads\/2021\/10\/trap-lag-1024x778.jpg 1024w, https:\/\/www.voranejdensjvf.fi\/wp-content\/uploads\/2021\/10\/trap-lag-768x583.jpg 768w, https:\/\/www.voranejdensjvf.fi\/wp-content\/uploads\/2021\/10\/trap-lag-1536x1167.jpg 1536w, https:\/\/www.voranejdensjvf.fi\/wp-content\/uploads\/2021\/10\/trap-lag-2048x1555.jpg 2048w, https:\/\/www.voranejdensjvf.fi\/wp-content\/uploads\/2021\/10\/trap-lag-960x729.jpg 960w\" sizes=\"(max-width: 440px) 100vw, 440px\" \/><\/a><\/p>\n<h3><\/h3>\n<h3><\/h3>\n<h3><\/h3>\n<h3><\/h3>\n<h3><\/h3>\n<h3><\/h3>\n<h3><\/h3>\n<h3><\/h3>\n<h3><\/h3>\n<h3 style=\"text-align: left;\"><a href=\"http:\/\/www.voranejdensjvf.fi\/wp-content\/uploads\/2014\/12\/Flygr\u00e4kning-5-7.2.2021.pdf\">Flygr\u00e4kning 2021<\/a>\u00a0243 \u00e4lgar observerades<\/h3>\n<p><strong>Vinst f\u00f6r V\u00f6r\u00e5nejden i \u00e5rets trapt\u00e4vling mot Nykarlebynejden 04.08.2020, resultat p\u00e5 Skyttesidan<\/strong><\/p>\n<p><a href=\"http:\/\/www.voranejdensjvf.fi\/wp-content\/uploads\/2014\/12\/20200804_220021.jpg\"><img loading=\"lazy\" class=\"alignleft wp-image-875 \" src=\"http:\/\/www.voranejdensjvf.fi\/wp-content\/uploads\/2014\/12\/20200804_220021-300x198.jpg\" alt=\"20200804_220021\" width=\"369\" height=\"244\" srcset=\"https:\/\/www.voranejdensjvf.fi\/wp-content\/uploads\/2014\/12\/20200804_220021-300x198.jpg 300w, https:\/\/www.voranejdensjvf.fi\/wp-content\/uploads\/2014\/12\/20200804_220021-1024x677.jpg 1024w, https:\/\/www.voranejdensjvf.fi\/wp-content\/uploads\/2014\/12\/20200804_220021-960x635.jpg 960w\" sizes=\"(max-width: 369px) 100vw, 369px\" \/><\/a><\/p>\n<h4><\/h4>\n<h4><\/h4>\n<h4><\/h4>\n<h4><\/h4>\n<h4><\/h4>\n<h4 style=\"text-align: left;\"><strong>\u00c5R<\/strong><strong>SM\u00d6TE tisdag 18.2.2020 kl 19.00 vid Kimo Uf\u00a0<\/strong>\u00a0 \u00a0 \u00a0 \u00a0 \u00a0 \u00a0 \u00a0 \u00a0 \u00a0 \u00a0 \u00a0 \u00a0 \u00a0 \u00a0 \u00a0 \u00a0 \u00a0 \u00a0 \u00a0 \u00a0 \u00a0 \u00a0 \u00a0 \u00a0 \u00a0 \u00a0 \u00a0 \u00a0 \u00a0 \u00a0 \u00a0Granskning av fullmakter b\u00f6rjar kl.18.30<\/h4>\n<p><strong>V\u00f6r\u00e5nejden tog silver i DM i \u00e4lgskytte torsdagen 8.8.2019 i Kronoby<\/strong><\/p>\n<p><a href=\"http:\/\/www.voranejdensjvf.fi\/wp-content\/uploads\/2014\/12\/dmsilver.jpg\"><img loading=\"lazy\" class=\"alignleft size-medium wp-image-712\" src=\"http:\/\/www.voranejdensjvf.fi\/wp-content\/uploads\/2014\/12\/dmsilver-300x226.jpg\" alt=\"sdr\" width=\"300\" height=\"226\" srcset=\"https:\/\/www.voranejdensjvf.fi\/wp-content\/uploads\/2014\/12\/dmsilver-300x226.jpg 300w, https:\/\/www.voranejdensjvf.fi\/wp-content\/uploads\/2014\/12\/dmsilver-1024x774.jpg 1024w, https:\/\/www.voranejdensjvf.fi\/wp-content\/uploads\/2014\/12\/dmsilver-960x726.jpg 960w, https:\/\/www.voranejdensjvf.fi\/wp-content\/uploads\/2014\/12\/dmsilver.jpg 1721w\" sizes=\"(max-width: 300px) 100vw, 300px\" \/><\/a><\/p>\n<h6><\/h6>\n<h6><\/h6>\n<h6><\/h6>\n<h6><\/h6>\n<h6><\/h6>\n<h6><\/h6>\n<h6 style=\"text-align: left;\"><strong>V\u00f6r\u00e5nejden vann \u00e5rets lagt\u00e4vling i trap mot Nykarlebynejden 6.8.2019,\u00a0<\/strong><strong>resultat p\u00e5 Skytte sidan<\/strong><\/h6>\n<p><a href=\"http:\/\/www.voranejdensjvf.fi\/wp-content\/uploads\/2014\/12\/kamp.jpg\"><img loading=\"lazy\" class=\"alignleft size-medium wp-image-709\" src=\"http:\/\/www.voranejdensjvf.fi\/wp-content\/uploads\/2014\/12\/kamp-300x168.jpg\" alt=\"kamp\" width=\"300\" height=\"168\" srcset=\"https:\/\/www.voranejdensjvf.fi\/wp-content\/uploads\/2014\/12\/kamp-300x168.jpg 300w, https:\/\/www.voranejdensjvf.fi\/wp-content\/uploads\/2014\/12\/kamp-1024x576.jpg 1024w, https:\/\/www.voranejdensjvf.fi\/wp-content\/uploads\/2014\/12\/kamp-960x540.jpg 960w\" sizes=\"(max-width: 300px) 100vw, 300px\" \/><\/a><\/p>\n<h5 style=\"text-align: left;\"><\/h5>\n<h5><\/h5>\n<h5><\/h5>\n<h5><\/h5>\n<h5><\/h5>\n<h5 style=\"text-align: left;\">Styrelsen p\u00e5 talko vid Kolstobban 03.06.2019.<\/h5>\n<h5 style=\"text-align: left;\">Allting klart inf\u00f6r sommarens \u00e4lgskytte.<\/h5>\n<h5 style=\"text-align: left;\">\u00a0<a href=\"http:\/\/www.voranejdensjvf.fi\/wp-content\/uploads\/2014\/12\/20190603_211049.jpg\"><img loading=\"lazy\" class=\"alignnone size-medium wp-image-696\" src=\"http:\/\/www.voranejdensjvf.fi\/wp-content\/uploads\/2014\/12\/20190603_211049-300x168.jpg\" alt=\"20190603_211049\" width=\"300\" height=\"168\" srcset=\"https:\/\/www.voranejdensjvf.fi\/wp-content\/uploads\/2014\/12\/20190603_211049-300x168.jpg 300w, https:\/\/www.voranejdensjvf.fi\/wp-content\/uploads\/2014\/12\/20190603_211049-1024x576.jpg 1024w, https:\/\/www.voranejdensjvf.fi\/wp-content\/uploads\/2014\/12\/20190603_211049-960x540.jpg 960w\" sizes=\"(max-width: 300px) 100vw, 300px\" \/><\/a> <a href=\"http:\/\/www.voranejdensjvf.fi\/wp-content\/uploads\/2014\/12\/20190603_210922-e1559715231137.jpg\"><img loading=\"lazy\" class=\"alignleft size-medium wp-image-697\" src=\"http:\/\/www.voranejdensjvf.fi\/wp-content\/uploads\/2014\/12\/20190603_210922-e1559715231137-168x300.jpg\" alt=\"20190603_210922\" width=\"168\" height=\"300\" srcset=\"https:\/\/www.voranejdensjvf.fi\/wp-content\/uploads\/2014\/12\/20190603_210922-e1559715231137-168x300.jpg 168w, https:\/\/www.voranejdensjvf.fi\/wp-content\/uploads\/2014\/12\/20190603_210922-e1559715231137-576x1024.jpg 576w, https:\/\/www.voranejdensjvf.fi\/wp-content\/uploads\/2014\/12\/20190603_210922-e1559715231137-960x1706.jpg 960w\" sizes=\"(max-width: 168px) 100vw, 168px\" \/><\/a> <a href=\"http:\/\/www.voranejdensjvf.fi\/wp-content\/uploads\/2014\/12\/20190603_211002.jpg\"><img loading=\"lazy\" class=\"alignnone size-medium wp-image-698\" src=\"http:\/\/www.voranejdensjvf.fi\/wp-content\/uploads\/2014\/12\/20190603_211002-300x168.jpg\" alt=\"20190603_211002\" width=\"300\" height=\"168\" srcset=\"https:\/\/www.voranejdensjvf.fi\/wp-content\/uploads\/2014\/12\/20190603_211002-300x168.jpg 300w, https:\/\/www.voranejdensjvf.fi\/wp-content\/uploads\/2014\/12\/20190603_211002-1024x576.jpg 1024w, https:\/\/www.voranejdensjvf.fi\/wp-content\/uploads\/2014\/12\/20190603_211002-960x540.jpg 960w\" sizes=\"(max-width: 300px) 100vw, 300px\" \/><\/a><\/h5>\n<h3 style=\"text-align: left;\"><a href=\"http:\/\/www.voranejdensjvf.fi\/wp-content\/uploads\/2014\/12\/\u00c4lgr\u00e4kning.pdf\">\u00c4lgr\u00e4kning 2019<\/a>\u00a0165 \u00e4lgar observerades<\/h3>\n<h4 style=\"text-align: left;\">V\u00f6r\u00e5nejdens jaktv\u00e5rdsf\u00f6renings \u00e5rsm\u00f6te onsdag 20.2.2019 kl.19.00 vid H\u00e4lln\u00e4s Uf.\u00a0 Granskning av fullmakter b\u00f6rjar kl 18.30.<\/h4>\n<p><strong>V\u00f6r\u00e5nejden vann \u00e5rets lagt\u00e4vling i trap mot Nykarlebynejden 7.8.2018, resultat p\u00e5 Skytte sidan<\/strong><\/p>\n<p><a href=\"http:\/\/www.voranejdensjvf.fi\/wp-content\/uploads\/2014\/12\/20180807_195057.jpg\"><img loading=\"lazy\" class=\"alignnone size-medium wp-image-555\" src=\"http:\/\/www.voranejdensjvf.fi\/wp-content\/uploads\/2014\/12\/20180807_195057-300x225.jpg\" alt=\"20180807_195057\" width=\"300\" height=\"225\" srcset=\"https:\/\/www.voranejdensjvf.fi\/wp-content\/uploads\/2014\/12\/20180807_195057-300x225.jpg 300w, https:\/\/www.voranejdensjvf.fi\/wp-content\/uploads\/2014\/12\/20180807_195057-1024x768.jpg 1024w, https:\/\/www.voranejdensjvf.fi\/wp-content\/uploads\/2014\/12\/20180807_195057-960x720.jpg 960w\" sizes=\"(max-width: 300px) 100vw, 300px\" \/><\/a><\/p>\n<h3><strong><a href=\"http:\/\/www.voranejdensjvf.fi\/wp-content\/uploads\/2014\/12\/\u00e4lgr\u00e4kning.pdf\">\u00c4lgr\u00e4kning 2018<\/a>,\u00a0\u00a0189 \u00e4lgar observerade<\/strong><\/h3>\n<p>\u00c5rets \u00e4lgr\u00e4kning genomf\u00f6rdes med helikopter<\/p>\n<p><a href=\"http:\/\/www.voranejdensjvf.fi\/wp-content\/uploads\/2014\/12\/20180217_130017.jpg\"><img loading=\"lazy\" class=\"alignnone size-medium wp-image-509\" src=\"http:\/\/www.voranejdensjvf.fi\/wp-content\/uploads\/2014\/12\/20180217_130017-300x225.jpg\" alt=\"20180217_130017\" width=\"300\" height=\"225\" srcset=\"https:\/\/www.voranejdensjvf.fi\/wp-content\/uploads\/2014\/12\/20180217_130017-300x225.jpg 300w, https:\/\/www.voranejdensjvf.fi\/wp-content\/uploads\/2014\/12\/20180217_130017.jpg 640w\" sizes=\"(max-width: 300px) 100vw, 300px\" \/><\/a><\/p>\n<p><a href=\"http:\/\/www.voranejdensjvf.fi\/wp-content\/uploads\/2014\/12\/20180217_130035.jpg\"><img loading=\"lazy\" class=\"alignnone size-medium wp-image-510\" src=\"http:\/\/www.voranejdensjvf.fi\/wp-content\/uploads\/2014\/12\/20180217_130035-300x225.jpg\" alt=\"20180217_130035\" width=\"300\" height=\"225\" srcset=\"https:\/\/www.voranejdensjvf.fi\/wp-content\/uploads\/2014\/12\/20180217_130035-300x225.jpg 300w, https:\/\/www.voranejdensjvf.fi\/wp-content\/uploads\/2014\/12\/20180217_130035.jpg 640w\" sizes=\"(max-width: 300px) 100vw, 300px\" \/><\/a><\/p>\n<h3><strong>\u00c5rsm\u00f6te torsdag 15.02.2018 kl 19.00 vid Bertby Uf, granskning av fullmakter fr\u00e5n kl 18.30<\/strong><\/h3>\n<p><a href=\"http:\/\/www.voranejdensjvf.fi\/wp-content\/uploads\/2014\/12\/20170711_091231.jpg\"><img loading=\"lazy\" class=\"wp-image-410 size-medium\" src=\"http:\/\/www.voranejdensjvf.fi\/wp-content\/uploads\/2014\/12\/20170711_091231-300x163.jpg\" alt=\"20170711_091231\" width=\"300\" height=\"163\" srcset=\"https:\/\/www.voranejdensjvf.fi\/wp-content\/uploads\/2014\/12\/20170711_091231-300x163.jpg 300w, https:\/\/www.voranejdensjvf.fi\/wp-content\/uploads\/2014\/12\/20170711_091231-1024x558.jpg 1024w, https:\/\/www.voranejdensjvf.fi\/wp-content\/uploads\/2014\/12\/20170711_091231-960x523.jpg 960w\" sizes=\"(max-width: 300px) 100vw, 300px\" \/><\/a><\/p>\n<p>Jaktv\u00e5rdsf\u00f6reningens klubbar deltog i Langradin 08.07.2017 f\u00f6r att hedra Finland 100 \u00e5r<\/p>\n<p><a href=\"http:\/\/www.voranejdensjvf.fi\/wp-content\/uploads\/2014\/12\/20170708_123024.jpg\"><img loading=\"lazy\" class=\"alignnone size-medium wp-image-411\" src=\"http:\/\/www.voranejdensjvf.fi\/wp-content\/uploads\/2014\/12\/20170708_123024-300x231.jpg\" alt=\"20170708_123024\" width=\"300\" height=\"231\" srcset=\"https:\/\/www.voranejdensjvf.fi\/wp-content\/uploads\/2014\/12\/20170708_123024-300x231.jpg 300w, https:\/\/www.voranejdensjvf.fi\/wp-content\/uploads\/2014\/12\/20170708_123024-1024x790.jpg 1024w, https:\/\/www.voranejdensjvf.fi\/wp-content\/uploads\/2014\/12\/20170708_123024-960x741.jpg 960w, https:\/\/www.voranejdensjvf.fi\/wp-content\/uploads\/2014\/12\/20170708_123024.jpg 1938w\" sizes=\"(max-width: 300px) 100vw, 300px\" \/><\/a><\/p>\n<p><a href=\"http:\/\/www.voranejdensjvf.fi\/wp-content\/uploads\/2014\/12\/algrakning17.pdf\">\u00c4lgr\u00e4kning 2017<\/a>\u00a0 \u00a0 I V\u00f6r\u00e5nejden hittades 247st \u00e4lgar<\/p>\n<p><strong><span style=\"color: #cc99ff;\">\u00c4lgr\u00e4kning 2016<\/span><\/strong><\/p>\n<p>I V\u00f6r\u00e5nejden hittades 301 st \u00e4lgar,<span style=\"text-decoration: underline;\"><a href=\"https:\/\/drive.google.com\/file\/d\/0B0iLyPucxMSZX3ltdUhnTHZ5ZzA\/view?usp=sharing\">se karta h\u00e4r<\/a><\/span><\/p>\n","protected":false},"excerpt":{"rendered":"<p>V\u00f6r\u00e5nejdens \u00e5rsm\u00f6te tisdag 10.02.2026 kl.19.00 vid Norrvalla, Auditoriet. Kontroll av fullmakter fr\u00e5n kl.18.30 \u00c4lgr\u00e4kning 19-21.2.2025, totalt 188 \u00e4lgar \u00c4lgr\u00e4kning 2025 V\u00f6r\u00e5nejdens \u00e5rsm\u00f6te tisdag 18.02.2025 kl.19.00 vid Norrvalla, Holmsg\u00e5rden. Kontroll av fullmakter fr\u00e5n kl.18.30 \u00c4lgr\u00e4kning 2024, r\u00e4knades 8-10.1.2024, totalt 265 \u00e4lgar. \u00c4lgr\u00e4kning 2024 V\u00f6r\u00e5nejden tog en andra plats i \u00c4lg-DM i Jakobstad 01.08.2023. Nykarlebynejden vann \u00f6ver <a class=\"read-more\" href=\"https:\/\/www.voranejdensjvf.fi\/?page_id=43\">...l\u00e4s vidare <span class=\"meta-nav\">&rarr;<\/span><\/a><\/p>\n","protected":false},"author":1,"featured_media":0,"parent":0,"menu_order":0,"comment_status":"closed","ping_status":"closed","template":"","meta":[],"_links":{"self":[{"href":"https:\/\/www.voranejdensjvf.fi\/index.php?rest_route=\/wp\/v2\/pages\/43"}],"collection":[{"href":"https:\/\/www.voranejdensjvf.fi\/index.php?rest_route=\/wp\/v2\/pages"}],"about":[{"href":"https:\/\/www.voranejdensjvf.fi\/index.php?rest_route=\/wp\/v2\/types\/page"}],"author":[{"embeddable":true,"href":"https:\/\/www.voranejdensjvf.fi\/index.php?rest_route=\/wp\/v2\/users\/1"}],"replies":[{"embeddable":true,"href":"https:\/\/www.voranejdensjvf.fi\/index.php?rest_route=%2Fwp%2Fv2%2Fcomments&post=43"}],"version-history":[{"count":70,"href":"https:\/\/www.voranejdensjvf.fi\/index.php?rest_route=\/wp\/v2\/pages\/43\/revisions"}],"predecessor-version":[{"id":1528,"href":"https:\/\/www.voranejdensjvf.fi\/index.php?rest_route=\/wp\/v2\/pages\/43\/revisions\/1528"}],"wp:attachment":[{"href":"https:\/\/www.voranejdensjvf.fi\/index.php?rest_route=%2Fwp%2Fv2%2Fmedia&parent=43"}],"curies":[{"name":"wp","href":"https:\/\/api.w.org\/{rel}","templated":true}]}}